{"id":449,"date":"2022-02-08T15:32:37","date_gmt":"2022-02-08T14:32:37","guid":{"rendered":"https:\/\/cotedazur.bhs.media\/?page_id=449"},"modified":"2025-12-17T14:10:38","modified_gmt":"2025-12-17T13:10:38","slug":"faq","status":"publish","type":"page","link":"https:\/\/cotedazur.bhs.media\/it\/contactez-nous\/faq\/","title":{"rendered":"FAQ"},"content":{"rendered":"<p class=\"qtranxs-available-languages-message qtranxs-available-languages-message-it\">Ci spiace, ma questo articolo \u00e8 disponibile soltanto in <a href=\"https:\/\/cotedazur.bhs.media\/fr\/wp-json\/wp\/v2\/pages\/449\" class=\"qtranxs-available-language-link qtranxs-available-language-link-fr\" title=\"Fran\u00e7ais\">Fran\u00e7ais<\/a>.<\/p><p>Quelles solutions choisir pour toucher le public touristique ? Comment informer au mieux les habitants ? Comment puis-je \u00eatre visible \u00e0 Menton, Nice ou Cannes ?<\/p>\n<p>Nous r\u00e9pondons ici aux questions qui nous sont le plus fr\u00e9quemment pos\u00e9es.<\/p>\n<p>Vous ne trouvez pas la r\u00e9ponse \u00e0 vos interrogations ? <a href=\"https:\/\/cotedazur.bhs.media\/contactez-nous\/contactez-nous\/\">Contactez-nous<\/a> directement.<\/p>","protected":false},"excerpt":{"rendered":"<p>Ci spiace, ma questo articolo \u00e8 disponibile soltanto in Fran\u00e7ais.Quelles solutions choisir pour toucher le public touristique ? Comment informer\u2026<\/p>\n","protected":false},"author":1,"featured_media":0,"parent":10,"menu_order":2,"comment_status":"closed","ping_status":"closed","template":"template\/faq.php","meta":{"_acf_changed":false,"footnotes":""},"class_list":["post-449","page","type-page","status-publish","hentry"],"acf":[],"_links":{"self":[{"href":"https:\/\/cotedazur.bhs.media\/it\/wp-json\/wp\/v2\/pages\/449","targetHints":{"allow":["GET"]}}],"collection":[{"href":"https:\/\/cotedazur.bhs.media\/it\/wp-json\/wp\/v2\/pages"}],"about":[{"href":"https:\/\/cotedazur.bhs.media\/it\/wp-json\/wp\/v2\/types\/page"}],"author":[{"embeddable":true,"href":"https:\/\/cotedazur.bhs.media\/it\/wp-json\/wp\/v2\/users\/1"}],"replies":[{"embeddable":true,"href":"https:\/\/cotedazur.bhs.media\/it\/wp-json\/wp\/v2\/comments?post=449"}],"version-history":[{"count":9,"href":"https:\/\/cotedazur.bhs.media\/it\/wp-json\/wp\/v2\/pages\/449\/revisions"}],"predecessor-version":[{"id":1732,"href":"https:\/\/cotedazur.bhs.media\/it\/wp-json\/wp\/v2\/pages\/449\/revisions\/1732"}],"up":[{"embeddable":true,"href":"https:\/\/cotedazur.bhs.media\/it\/wp-json\/wp\/v2\/pages\/10"}],"wp:attachment":[{"href":"https:\/\/cotedazur.bhs.media\/it\/wp-json\/wp\/v2\/media?parent=449"}],"curies":[{"name":"wp","href":"https:\/\/api.w.org\/{rel}","templated":true}]}}