{"id":3,"date":"2022-01-12T15:03:15","date_gmt":"2022-01-12T14:03:15","guid":{"rendered":"https:\/\/cotedazur.bhs.media\/?page_id=3"},"modified":"2025-12-17T14:33:03","modified_gmt":"2025-12-17T13:33:03","slug":"politique-de-confidentialite","status":"publish","type":"page","link":"https:\/\/cotedazur.bhs.media\/it\/politique-de-confidentialite\/","title":{"rendered":"Politica di riservatezza"},"content":{"rendered":"<ol>\r\n<li style=\"font-weight: 400;\">\r\n<h2><strong> RESPONSABILE DEL TRATTAMENTO<\/strong><\/h2>\r\n<\/li>\r\n<\/ol>\r\n<p style=\"font-weight: 400;\">La presente informativa sulla privacy disciplina il trattamento dei dati personali da parte di BHS.MEDIA, responsabile del trattamento, con sede legale in ZI de la Valli\u00e8re n\u00b019, 06730 Saint-Andr\u00e9-de-la-Roche, iscritta nel registro delle imprese con il numero RCS Nice 447 897 174, che ha nominato Sandra Mathieu come persona di contatto per il trattamento dei dati (hello@bhs.media).<\/p>\r\n<p style=\"font-weight: 400;\">La presente informativa sulla privacy si applica a tutti i servizi che forniamo e alle attivit\u00e0 che esercitiamo.<\/p>\r\n<p style=\"font-weight: 400;\">Comunicando i dati personali, l\u2019utente dichiara esplicitamente di averne preso visione, di averne compreso il contenuto nella sua interezza e di accettarne integralmente i termini. In particolare, l&#8217;utente accetta che BHS.MEDIA tratti (cio\u00e8 raccolga, conservi o utilizzi) i suoi dati personali per gli scopi indicati di seguito.<\/p>\r\n<ol start=\"2\">\r\n<li style=\"font-weight: 400;\"><strong> CATEGORIE DI DATI PERSONALI<\/strong><\/li>\r\n<\/ol>\r\n<p style=\"font-weight: 400;\">Il Regolamento generale sulla protezione dei dati definisce il termine \u00abdati personali\u00bb come segue: \u00abQualsiasi informazione riguardante una persona fisica identificata o identificabile\u00bb (di seguito denominata \u00abinteressato\u00bb).<\/p>\r\n<p style=\"font-weight: 400;\">Si considera \u00abidentificabile\u00bb la persona fisica che pu\u00f2 essere identificata, direttamente o indirettamente, con particolare riferimento a un identificativo, come un nome, un numero di identificazione, dati relativi all&#8217;ubicazione, un identificativo online, o a uno o pi\u00f9 elementi caratteristici della sua identit\u00e0 fisica, fisiologica, genetica, psichica, economica, culturale o sociale.<\/p>\r\n<p style=\"font-weight: 400;\">Nell\u2019ambito delle sue attivit\u00e0, BHS.MEDIA pu\u00f2 raccogliere dati personali nominativi da clienti, fornitori, subappaltatori (e loro eventuali subappaltatori), potenziali clienti, aziende\/persone aderenti alla sua rete professionale cos\u00ec come, rispettivamente, dai loro committenti, loro personale, loro collaboratori, loro addetti e qualsiasi altra persona di contatto utile.<\/p>\r\n<p style=\"font-weight: 400;\">Questi dati personali possono includere, tra l&#8217;altro, dati nominativi quali stato civile, nome e cognome, numeri di telefono, indirizzi o sedi legali, indirizzi e-mail, &#8230;, nonch\u00e9 qualsiasi informazione fornita spontaneamente dall&#8217;interessato.<\/p>\r\n<p style=\"font-weight: 400;\">Il sito internet di BHS.MEDIA usa i cookie (cfr. politica dei \u00abcookie\u00bb).<\/p>\r\n<ol start=\"3\">\r\n<li style=\"font-weight: 400;\"><strong> MODALIT\u00c0 DI RACCOLTA E CONSERVAZIONE DEI DATI<\/strong><\/li>\r\n<\/ol>\r\n<p style=\"font-weight: 400;\">I dati personali sono raccolti secondo le seguenti modalit\u00e0:<\/p>\r\n<ul>\r\n<li>tramite la codifica dei dati da parte degli interessati nei moduli presenti sul sito web <a href=\"https:\/\/cotedazur.bhs.media\/\">https:\/\/cotedazur.bhs.media<\/a>;<\/li>\r\n<\/ul>\r\n<p style=\"font-weight: 400;\">\u00a0<\/p>\r\n<ul>\r\n<li>tramite l&#8217;invio dei dati, da parte degli interessati, al momento della trasmissione di un ordine (via Internet, via e-mail o per posta).<\/li>\r\n<\/ul>\r\n<p style=\"font-weight: 400;\">I dati comunicati tramite il sito web sono conservati sul server della societ\u00e0 di hosting \u00abDIOGENIUS\u00bb, in BELGIO (paese).<\/p>\r\n<p style=\"font-weight: 400;\">I dati comunicati al di fuori del sito web sono immagazzinati sul server locale sicuro (back up) di BHS.MEDIA, accessibile solo al personale di BHS.MEDIA e al personale della societ\u00e0 di manutenzione informatica ORIZON9 SARL mediante una password segreta, tramite ERP sicuro.<\/p>\r\n<ol start=\"4\">\r\n<li style=\"font-weight: 400;\"><strong> FINALIT\u00c0 DEL TRATTAMENTO<\/strong><\/li>\r\n<\/ol>\r\n<p style=\"font-weight: 400;\">Questi dati sono raccolti da BHS.MEDIA per la fornitura del servizio affidato dal contratto\/ accordo stipulato con il cliente, ma anche per la gestione della propria clientela, l\u2019emissione e la riscossione delle fatture e per l\u2019adempimento ai propri obblighi legali, contabili e normativi, ma anche, previo consenso degli interessati, tramite newsletter, per inviare promozioni, offerte, novit\u00e0 per l&#8217;azienda, variazioni dei listini prezzo, chiusure e auguri di fine anno.<\/p>\r\n<ol start=\"5\">\r\n<li style=\"font-weight: 400;\"><strong> BASI GIURIDICHE DEL TRATTAMENTO<\/strong><\/li>\r\n<\/ol>\r\n<p style=\"font-weight: 400;\">Le basi giuridiche del trattamento sono l&#8217;esecuzione di un contratto, il consenso dell&#8217;interessato (ove opportuno), e il rispetto di obblighi legali\/normativi e\/o l\u2019interesse legittimo di BHS.MEDIA.<\/p>\r\n<ol start=\"6\">\r\n<li style=\"font-weight: 400;\"><strong> DESTINATARI DEI DATI PERSONALI<\/strong><\/li>\r\n<\/ol>\r\n<p style=\"font-weight: 400;\">BHS.MEDIA conserver\u00e0 ed elaborer\u00e0 essa stessa i dati raccolti per poter realizzare le finalit\u00e0 del trattamento.<\/p>\r\n<p style=\"font-weight: 400;\">Tuttavia, nell&#8217;ambito di tali finalit\u00e0, \u00e8 possibile che i dati personali siano comunicati ad autorit\u00e0 pubbliche e contabili, revisori dei conti, avvocati, commercialisti, societ\u00e0 di riscossione, fornitori di servizi informatici, subappaltatori o societ\u00e0 che collaborano con BHS.MEDIA.<\/p>\r\n<p style=\"font-weight: 400;\">\u00c8 possibile che queste entit\u00e0 abbiano sede al di fuori dello Spazio Economico Europeo (\u00abSEE\u00bb). Nel qual caso, per\u00f2, i dati personali saranno trasferiti solo a paesi terzi che dispongono di un livello di protezione adeguato.<\/p>\r\n<p style=\"font-weight: 400;\">Se necessario, i dati personali potranno anche essere trasmessi ad altre terze parti nell\u2019ambito, ad esempio, di una riorganizzazione di BHS.MEDIA, in caso di trasferimento di attivit\u00e0, liquidazione o fallimento, a causa di un\u2019ingiunzione o per adempiere un particolare obbligo legale.<\/p>\r\n<p style=\"font-weight: 400;\">Tuttavia, BHS.MEDIA si adopera affinch\u00e9 queste persone\/societ\u00e0\/entit\u00e0 abbiano un accesso quanto pi\u00f9 limitato possibile a questi dati personali e li trattino solo se strettamente necessario.<\/p>\r\n<ol start=\"7\">\r\n<li style=\"font-weight: 400;\"><strong> DURATA DEL TRATTAMENTO<\/strong><\/li>\r\n<\/ol>\r\n<p style=\"font-weight: 400;\">BHS.MEDIA conserva i dati personali a essa affidati per lo stretto necessario in termini di finalit\u00e0 e tempi.<\/p>\r\n<p style=\"font-weight: 400;\">Ai fini di stabilire i giusti tempi di conservazione, si tiene conto non soltanto della natura e della sensibilit\u00e0 dei dati personali e delle finalit\u00e0 del trattamento, ma anche della necessit\u00e0 di adempiere gli obblighi legali e normativi.<\/p>\r\n<ol start=\"8\">\r\n<li style=\"font-weight: 400;\"><strong> MISURE DI SICUREZZA<\/strong><\/li>\r\n<\/ol>\r\n<p style=\"font-weight: 400;\">BHS.MEDIA ha adottato misure di sicurezza sul piano tecnico-organizzativo atte a evitare la distruzione, la perdita, la falsificazione, la modifica, l&#8217;accesso non autorizzato da parte di terzi o l\u2019erronea comunicazione a terzi dei dati personali raccolti, cos\u00ec come qualsiasi trattamento non autorizzato di tali dati.<\/p>\r\n<p style=\"font-weight: 400;\">Pertanto, BHS.MEDIA ha previsto, tra l&#8217;altro, quanto segue:<\/p>\r\n<p style=\"font-weight: 400;\">&#8211; utilizzo di password sicure per dipendenti e dirigenti;<\/p>\r\n<p style=\"font-weight: 400;\">&#8211; inserimento nei contratti e nel regolamento aziendale di clausole che richiamano la riservatezza dei dati;<\/p>\r\n<p style=\"font-weight: 400;\">&#8211; aggiornamento a cadenza regolare dei PC con patch di sicurezza e antivirus;<\/p>\r\n<p style=\"font-weight: 400;\">&#8211; backup periodico dei dati importanti.<\/p>\r\n<ol start=\"9\">\r\n<li style=\"font-weight: 400;\"><strong> DIRITTI DEGLI INTERESSATI<\/strong><\/li>\r\n<\/ol>\r\n<p style=\"font-weight: 400;\"><strong>9.1 Diritto di accesso, modifica, cancellazione e limitazione <\/strong><\/p>\r\n<p style=\"font-weight: 400;\">L\u2019interessato ha diritto a chiedere a BHS.MEDIA l&#8217;accesso ai propri dati e la rettifica.<\/p>\r\n<p style=\"font-weight: 400;\">In conformit\u00e0 ai requisiti di legge e al GDPR, l\u2019interessato pu\u00f2 anche richiederne la cancellazione o la limitazione del trattamento.<\/p>\r\n<p style=\"font-weight: 400;\">L&#8217;interessato prende atto che in caso di mancato conferimento o di richiesta di cancellazione dei dati personali, BHS.MEDIA potrebbe trovarsi nell\u2019impossibilit\u00e0 di fornire determinati servizi.<\/p>\r\n<p style=\"font-weight: 400;\"><strong>9.2 Diritto di opposizione<\/strong><\/p>\r\n<p style=\"font-weight: 400;\">L\u2019interessato ha il diritto di opporsi al trattamento dei dati personali che lo riguardano per motivi impellenti e legittimi.<\/p>\r\n<p style=\"font-weight: 400;\">Inoltre, l\u2019interessato ha il diritto di opporsi all&#8217;utilizzo dei dati personali per finalit\u00e0 di marketing diretto, nel qual caso, non occorre motivare tale richiesta.<\/p>\r\n<p style=\"font-weight: 400;\"><strong>9.3 Diritto di libero trasferimento dei dati personali<\/strong><\/p>\r\n<p style=\"font-weight: 400;\">L\u2019interessato ha il diritto di ricevere i dati personali forniti a BHS.MEDIA in un formato strutturato, di uso comune e leggibile da dispositivo automatico e ha il diritto di trasmettere tali dati ad altri responsabili del trattamento.<\/p>\r\n<p style=\"font-weight: 400;\">\u00a0<strong>9.4 Diritto di revoca del consenso<\/strong><\/p>\r\n<p style=\"font-weight: 400;\">Qualora il trattamento sia basato sul consenso precedentemente prestato, l\u2019interessato ha il diritto di revocare tale consenso.<\/p>\r\n<p style=\"font-weight: 400;\"><strong>9.5 Esercizio dei diritti degli interessati<\/strong><\/p>\r\n<p style=\"font-weight: 400;\">L\u2019interessato pu\u00f2 esercitare i propri diritti contattando BHS.MEDIA via e-mail all&#8217;indirizzo hello@bhs.media o per posta all&#8217;indirizzo\u00a0ZI de la Valli\u00e8re n\u00b019, 06730 Saint-Andr\u00e9-de-la-Roche, allegando una copia fronte- retro della carta d&#8217;identit\u00e0.<\/p>\r\n<p style=\"font-weight: 400;\"><strong>9.6 Processi decisionali automatizzati e profilazione <\/strong><\/p>\r\n<p style=\"font-weight: 400;\">Il trattamento dei dati personali non comprende alcuna profilazione e non sar\u00e0 soggetto a processi decisionali automatizzati da parte di BHS.MEDIA.<\/p>\r\n<p style=\"font-weight: 400;\"><strong>9.7 Diritto presentare reclamo<\/strong><\/p>\r\n<p style=\"font-weight: 400;\">L&#8217;interessato ha diritto a presentare reclamo al Garante per la protezione dei dati personali: <em>Autorit\u00e9 de protection des donn\u00e9es<\/em>, 3 Place de Fontenoy, TSA 80715, 75334 PARIS CEDEX 07, Fax +33 (0)1 53 73 22 22, fatto salvo il ricorso davanti a un tribunale civile.<\/p>\r\n<ol start=\"10\">\r\n<li style=\"font-weight: 400;\"><strong> MODIFICHE<\/strong><\/li>\r\n<\/ol>\r\n<p style=\"font-weight: 400;\">La presente informativa sulla protezione di dati pu\u00f2 essere soggetta a modifiche. Si consiglia di consultare regolarmente l&#8217;informativa sulla privacy sul sito https:\/\/cotedazur.bhs.media, per verificare l\u2019introduzione di eventuali modifiche.<\/p>\r\n<p style=\"font-weight: 400;\">Ultimo aggiornamento: 1\/03\/ 2023<\/p>\r\n<p style=\"font-weight: 400;\">La presente informativa sulla privacy non pregiudica i diritti e gli obblighi in capo alla BHS.MEDIA in forza delle disposizioni applicabili, come quelle contenute nel GDPR.<\/p>","protected":false},"excerpt":{"rendered":"<p>RESPONSABILE DEL TRATTAMENTO La presente informativa sulla privacy disciplina il trattamento dei dati personali da parte di BHS.MEDIA, responsabile del\u2026<\/p>\n","protected":false},"author":6,"featured_media":0,"parent":0,"menu_order":9,"comment_status":"closed","ping_status":"closed","template":"","meta":{"_acf_changed":false,"footnotes":""},"class_list":["post-3","page","type-page","status-publish","hentry"],"acf":[],"_links":{"self":[{"href":"https:\/\/cotedazur.bhs.media\/it\/wp-json\/wp\/v2\/pages\/3","targetHints":{"allow":["GET"]}}],"collection":[{"href":"https:\/\/cotedazur.bhs.media\/it\/wp-json\/wp\/v2\/pages"}],"about":[{"href":"https:\/\/cotedazur.bhs.media\/it\/wp-json\/wp\/v2\/types\/page"}],"author":[{"embeddable":true,"href":"https:\/\/cotedazur.bhs.media\/it\/wp-json\/wp\/v2\/users\/6"}],"replies":[{"embeddable":true,"href":"https:\/\/cotedazur.bhs.media\/it\/wp-json\/wp\/v2\/comments?post=3"}],"version-history":[{"count":6,"href":"https:\/\/cotedazur.bhs.media\/it\/wp-json\/wp\/v2\/pages\/3\/revisions"}],"predecessor-version":[{"id":1737,"href":"https:\/\/cotedazur.bhs.media\/it\/wp-json\/wp\/v2\/pages\/3\/revisions\/1737"}],"wp:attachment":[{"href":"https:\/\/cotedazur.bhs.media\/it\/wp-json\/wp\/v2\/media?parent=3"}],"curies":[{"name":"wp","href":"https:\/\/api.w.org\/{rel}","templated":true}]}}